{"id":334,"date":"2025-12-02T01:09:44","date_gmt":"2025-12-02T00:09:44","guid":{"rendered":"https:\/\/humlekarrsgard.se\/gotlandsskinn\/?post_type=product&#038;p=334"},"modified":"2025-12-02T01:09:44","modified_gmt":"2025-12-02T00:09:44","slug":"13-lammskinn","status":"publish","type":"product","link":"https:\/\/humlekarrsgard.se\/gotlandsskinn\/produkt\/13-lammskinn\/","title":{"rendered":"13-Lammskinn"},"content":{"rendered":"","protected":false},"excerpt":{"rendered":"<div align=\"left\"><b>M\u00e5tt:<\/b>\u00a0L\u00e4ngd 90 cm, Bredd: 70 cm<\/div>\n<div align=\"left\"><b>Klippning:<\/b>\u00a0Normal<\/div>\n<div align=\"left\"><b>Not:<\/b>\u00a0M\u00f6rkt, sm\u00e5krulligt, t\u00e4t ull<\/div>\n","protected":false},"featured_media":335,"template":"","meta":[],"product_brand":[],"product_cat":[24],"product_tag":[],"class_list":{"0":"post-334","1":"product","2":"type-product","3":"status-publish","4":"has-post-thumbnail","6":"product_cat-lammskinn","8":"first","9":"instock","10":"taxable","11":"shipping-taxable","12":"purchasable","13":"product-type-simple"},"_links":{"self":[{"href":"https:\/\/humlekarrsgard.se\/gotlandsskinn\/wp-json\/wp\/v2\/product\/334","targetHints":{"allow":["GET"]}}],"collection":[{"href":"https:\/\/humlekarrsgard.se\/gotlandsskinn\/wp-json\/wp\/v2\/product"}],"about":[{"href":"https:\/\/humlekarrsgard.se\/gotlandsskinn\/wp-json\/wp\/v2\/types\/product"}],"wp:featuredmedia":[{"embeddable":true,"href":"https:\/\/humlekarrsgard.se\/gotlandsskinn\/wp-json\/wp\/v2\/media\/335"}],"wp:attachment":[{"href":"https:\/\/humlekarrsgard.se\/gotlandsskinn\/wp-json\/wp\/v2\/media?parent=334"}],"wp:term":[{"taxonomy":"product_brand","embeddable":true,"href":"https:\/\/humlekarrsgard.se\/gotlandsskinn\/wp-json\/wp\/v2\/product_brand?post=334"},{"taxonomy":"product_cat","embeddable":true,"href":"https:\/\/humlekarrsgard.se\/gotlandsskinn\/wp-json\/wp\/v2\/product_cat?post=334"},{"taxonomy":"product_tag","embeddable":true,"href":"https:\/\/humlekarrsgard.se\/gotlandsskinn\/wp-json\/wp\/v2\/product_tag?post=334"}],"curies":[{"name":"wp","href":"https:\/\/api.w.org\/{rel}","templated":true}]}}