{"id":322,"date":"2025-12-02T00:57:29","date_gmt":"2025-12-01T23:57:29","guid":{"rendered":"https:\/\/humlekarrsgard.se\/gotlandsskinn\/?post_type=product&#038;p=322"},"modified":"2025-12-02T00:57:29","modified_gmt":"2025-12-01T23:57:29","slug":"16-lammskinn","status":"publish","type":"product","link":"https:\/\/humlekarrsgard.se\/gotlandsskinn\/produkt\/16-lammskinn\/","title":{"rendered":"16-Lammskinn"},"content":{"rendered":"","protected":false},"excerpt":{"rendered":"<div align=\"left\"><b>M\u00e5tt:<\/b>\u00a0L\u00e4ngd 97 cm, Bredd: 70 cm<\/div>\n<div align=\"left\"><b>Klippning:<\/b>\u00a0Normal<\/div>\n<div align=\"left\"><b>Not:<\/b>\u00a0M\u00f6rkt, sm\u00e5krulligt, t\u00e4t ull<\/div>\n","protected":false},"featured_media":323,"template":"","meta":[],"product_brand":[],"product_cat":[24],"product_tag":[],"class_list":{"0":"post-322","1":"product","2":"type-product","3":"status-publish","4":"has-post-thumbnail","6":"product_cat-lammskinn","8":"first","9":"instock","10":"sold-individually","11":"taxable","12":"shipping-taxable","13":"purchasable","14":"product-type-simple"},"_links":{"self":[{"href":"https:\/\/humlekarrsgard.se\/gotlandsskinn\/wp-json\/wp\/v2\/product\/322","targetHints":{"allow":["GET"]}}],"collection":[{"href":"https:\/\/humlekarrsgard.se\/gotlandsskinn\/wp-json\/wp\/v2\/product"}],"about":[{"href":"https:\/\/humlekarrsgard.se\/gotlandsskinn\/wp-json\/wp\/v2\/types\/product"}],"wp:featuredmedia":[{"embeddable":true,"href":"https:\/\/humlekarrsgard.se\/gotlandsskinn\/wp-json\/wp\/v2\/media\/323"}],"wp:attachment":[{"href":"https:\/\/humlekarrsgard.se\/gotlandsskinn\/wp-json\/wp\/v2\/media?parent=322"}],"wp:term":[{"taxonomy":"product_brand","embeddable":true,"href":"https:\/\/humlekarrsgard.se\/gotlandsskinn\/wp-json\/wp\/v2\/product_brand?post=322"},{"taxonomy":"product_cat","embeddable":true,"href":"https:\/\/humlekarrsgard.se\/gotlandsskinn\/wp-json\/wp\/v2\/product_cat?post=322"},{"taxonomy":"product_tag","embeddable":true,"href":"https:\/\/humlekarrsgard.se\/gotlandsskinn\/wp-json\/wp\/v2\/product_tag?post=322"}],"curies":[{"name":"wp","href":"https:\/\/api.w.org\/{rel}","templated":true}]}}