{"id":318,"date":"2025-12-02T00:53:47","date_gmt":"2025-12-01T23:53:47","guid":{"rendered":"https:\/\/humlekarrsgard.se\/gotlandsskinn\/?post_type=product&#038;p=318"},"modified":"2025-12-02T00:53:47","modified_gmt":"2025-12-01T23:53:47","slug":"17-lammskinn","status":"publish","type":"product","link":"https:\/\/humlekarrsgard.se\/gotlandsskinn\/produkt\/17-lammskinn\/","title":{"rendered":"17-Lammskinn"},"content":{"rendered":"","protected":false},"excerpt":{"rendered":"<div align=\"left\"><b>M\u00e5tt:<\/b>\u00a0L\u00e4ngd 95 cm, Bredd: 90 cm<\/div>\n<div align=\"left\"><b>Klippning:<\/b>\u00a0Normal<\/div>\n<div align=\"left\"><b>Not:<\/b>\u00a0Sm\u00e5krulligt p\u00e5 rygg, t\u00e4t ull<\/div>\n","protected":false},"featured_media":319,"template":"","meta":[],"product_brand":[],"product_cat":[24],"product_tag":[],"class_list":{"0":"post-318","1":"product","2":"type-product","3":"status-publish","4":"has-post-thumbnail","6":"product_cat-lammskinn","8":"first","9":"instock","10":"sold-individually","11":"taxable","12":"shipping-taxable","13":"purchasable","14":"product-type-simple"},"_links":{"self":[{"href":"https:\/\/humlekarrsgard.se\/gotlandsskinn\/wp-json\/wp\/v2\/product\/318","targetHints":{"allow":["GET"]}}],"collection":[{"href":"https:\/\/humlekarrsgard.se\/gotlandsskinn\/wp-json\/wp\/v2\/product"}],"about":[{"href":"https:\/\/humlekarrsgard.se\/gotlandsskinn\/wp-json\/wp\/v2\/types\/product"}],"wp:featuredmedia":[{"embeddable":true,"href":"https:\/\/humlekarrsgard.se\/gotlandsskinn\/wp-json\/wp\/v2\/media\/319"}],"wp:attachment":[{"href":"https:\/\/humlekarrsgard.se\/gotlandsskinn\/wp-json\/wp\/v2\/media?parent=318"}],"wp:term":[{"taxonomy":"product_brand","embeddable":true,"href":"https:\/\/humlekarrsgard.se\/gotlandsskinn\/wp-json\/wp\/v2\/product_brand?post=318"},{"taxonomy":"product_cat","embeddable":true,"href":"https:\/\/humlekarrsgard.se\/gotlandsskinn\/wp-json\/wp\/v2\/product_cat?post=318"},{"taxonomy":"product_tag","embeddable":true,"href":"https:\/\/humlekarrsgard.se\/gotlandsskinn\/wp-json\/wp\/v2\/product_tag?post=318"}],"curies":[{"name":"wp","href":"https:\/\/api.w.org\/{rel}","templated":true}]}}