{"id":62,"date":"2025-11-29T23:28:53","date_gmt":"2025-11-29T22:28:53","guid":{"rendered":"https:\/\/humlekarrsgard.se\/gotlandsskinn\/varukorg\/"},"modified":"2025-12-11T22:53:35","modified_gmt":"2025-12-11T21:53:35","slug":"varukorg","status":"publish","type":"page","link":"https:\/\/humlekarrsgard.se\/gotlandsskinn\/varukorg\/","title":{"rendered":"Varukorg"},"content":{"rendered":"\n<div data-block-name=\"woocommerce\/cart\" class=\"wp-block-woocommerce-cart alignwide is-loading\">\n<div data-block-name=\"woocommerce\/filled-cart-block\" class=\"wp-block-woocommerce-filled-cart-block\">\n<div data-block-name=\"woocommerce\/cart-items-block\" class=\"wp-block-woocommerce-cart-items-block\">\n<div data-block-name=\"woocommerce\/cart-line-items-block\" class=\"wp-block-woocommerce-cart-line-items-block\"><\/div>\n\n\n<\/div>\n\n\n\n<div data-block-name=\"woocommerce\/cart-totals-block\" class=\"wp-block-woocommerce-cart-totals-block\">\n<div data-block-name=\"woocommerce\/cart-order-summary-block\" class=\"wp-block-woocommerce-cart-order-summary-block\">\n<div data-block-name=\"woocommerce\/cart-order-summary-heading-block\" data-content=\"Varukorg totalbelopp\" class=\"wp-block-woocommerce-cart-order-summary-heading-block\"><\/div>\n\n\n\n<div data-block-name=\"woocommerce\/cart-order-summary-coupon-form-block\" class=\"wp-block-woocommerce-cart-order-summary-coupon-form-block\"><\/div>\n\n\n\n<div data-block-name=\"woocommerce\/cart-order-summary-totals-block\" class=\"wp-block-woocommerce-cart-order-summary-totals-block\">\n<div data-block-name=\"woocommerce\/cart-order-summary-subtotal-block\" class=\"wp-block-woocommerce-cart-order-summary-subtotal-block\"><\/div>\n\n\n\n<div data-block-name=\"woocommerce\/cart-order-summary-fee-block\" class=\"wp-block-woocommerce-cart-order-summary-fee-block\"><\/div>\n\n\n\n<div data-block-name=\"woocommerce\/cart-order-summary-discount-block\" class=\"wp-block-woocommerce-cart-order-summary-discount-block\"><\/div>\n\n\n\n<div data-block-name=\"woocommerce\/cart-order-summary-shipping-block\" class=\"wp-block-woocommerce-cart-order-summary-shipping-block\"><\/div>\n\n\n\n<div data-block-name=\"woocommerce\/cart-order-summary-taxes-block\" class=\"wp-block-woocommerce-cart-order-summary-taxes-block\"><\/div>\n<\/div>\n<\/div>\n\n\n\n<div data-block-name=\"woocommerce\/cart-express-payment-block\" class=\"wp-block-woocommerce-cart-express-payment-block\"><\/div>\n\n\n\n<div data-block-name=\"woocommerce\/proceed-to-checkout-block\" class=\"wp-block-woocommerce-proceed-to-checkout-block\"><\/div>\n<div id=\"ppcp-recaptcha-v2-container\" style=\"margin:20px 0;\"><\/div>\n\n\n<div data-block-name=\"woocommerce\/cart-accepted-payment-methods-block\" class=\"wp-block-woocommerce-cart-accepted-payment-methods-block\"><\/div>\n<\/div>\n<\/div>\n\n\n\n<div data-block-name=\"woocommerce\/empty-cart-block\" class=\"wp-block-woocommerce-empty-cart-block\">\n<h2 class=\"wp-block-heading has-text-align-center with-empty-cart-icon wc-block-cart__empty-cart__title\">Din varukorg \u00e4r f\u00f6r n\u00e4rvarande tom!<\/h2>\n\n\n\n<hr class=\"wp-block-separator has-alpha-channel-opacity is-style-dots\"\/>\n\n\n\n<h2 class=\"wp-block-heading has-text-align-center\">Nytt i butik<\/h2>\n\n\n<div data-block-name=\"woocommerce\/product-new\" data-columns=\"4\" data-rows=\"1\" class=\"wc-block-grid wp-block-product-new wp-block-woocommerce-product-new wc-block-product-new has-4-columns\"><ul class=\"wc-block-grid__products\"><li class=\"wc-block-grid__product\">\n\t\t\t\t<a href=\"https:\/\/humlekarrsgard.se\/gotlandsskinn\/produkt\/01-lammskinn\/\" class=\"wc-block-grid__product-link\">\n\t\t\t\t\t\n\t\t\t\t\t<div class=\"wc-block-grid__product-image\"><img loading=\"lazy\" decoding=\"async\" width=\"324\" height=\"432\" src=\"https:\/\/humlekarrsgard.se\/gotlandsskinn\/wp-content\/uploads\/2025\/12\/slut_lager-324x432.jpg\" class=\"attachment-woocommerce_thumbnail size-woocommerce_thumbnail\" alt=\"01-Lammskinn\" srcset=\"https:\/\/humlekarrsgard.se\/gotlandsskinn\/wp-content\/uploads\/2025\/12\/slut_lager-324x432.jpg 324w, https:\/\/humlekarrsgard.se\/gotlandsskinn\/wp-content\/uploads\/2025\/12\/slut_lager-225x300.jpg 225w, https:\/\/humlekarrsgard.se\/gotlandsskinn\/wp-content\/uploads\/2025\/12\/slut_lager.jpg 384w\" sizes=\"auto, (max-width: 324px) 100vw, 324px\" \/><\/div>\n\t\t\t\t\t<div class=\"wc-block-grid__product-title\">01-Lammskinn<\/div>\n\t\t\t\t<\/a>\n\t\t\t\t<div class=\"wc-block-grid__product-price price\"><span class=\"woocommerce-Price-amount amount\">1 800,00&nbsp;<span class=\"woocommerce-Price-currencySymbol\">&#107;&#114;<\/span><\/span><\/div>\n\t\t\t\t\n\t\t\t\t<div class=\"wp-block-button wc-block-grid__product-add-to-cart\"><a href=\"https:\/\/humlekarrsgard.se\/gotlandsskinn\/produkt\/01-lammskinn\/\" aria-label=\"L\u00e4s mer om \u201d01-Lammskinn\u201d\" data-quantity=\"1\" data-product_id=\"383\" data-product_sku=\"01\" data-price=\"1800\" rel=\"nofollow\" class=\"wp-block-button__link  add_to_cart_button\">Sluts\u00e5ld<\/a><\/div>\n\t\t\t<\/li><li class=\"wc-block-grid__product\">\n\t\t\t\t<a href=\"https:\/\/humlekarrsgard.se\/gotlandsskinn\/produkt\/02-lammskinn\/\" class=\"wc-block-grid__product-link\">\n\t\t\t\t\t\n\t\t\t\t\t<div class=\"wc-block-grid__product-image\"><img loading=\"lazy\" decoding=\"async\" width=\"324\" height=\"432\" src=\"https:\/\/humlekarrsgard.se\/gotlandsskinn\/wp-content\/uploads\/2025\/12\/2-0-324x432.jpg\" class=\"attachment-woocommerce_thumbnail size-woocommerce_thumbnail\" alt=\"02-Lammskinn\" srcset=\"https:\/\/humlekarrsgard.se\/gotlandsskinn\/wp-content\/uploads\/2025\/12\/2-0-324x432.jpg 324w, https:\/\/humlekarrsgard.se\/gotlandsskinn\/wp-content\/uploads\/2025\/12\/2-0-225x300.jpg 225w, https:\/\/humlekarrsgard.se\/gotlandsskinn\/wp-content\/uploads\/2025\/12\/2-0-768x1024.jpg 768w, https:\/\/humlekarrsgard.se\/gotlandsskinn\/wp-content\/uploads\/2025\/12\/2-0-1152x1536.jpg 1152w, https:\/\/humlekarrsgard.se\/gotlandsskinn\/wp-content\/uploads\/2025\/12\/2-0-1536x2048.jpg 1536w, https:\/\/humlekarrsgard.se\/gotlandsskinn\/wp-content\/uploads\/2025\/12\/2-0-416x555.jpg 416w, https:\/\/humlekarrsgard.se\/gotlandsskinn\/wp-content\/uploads\/2025\/12\/2-0-scaled.jpg 1920w\" sizes=\"auto, (max-width: 324px) 100vw, 324px\" \/><\/div>\n\t\t\t\t\t<div class=\"wc-block-grid__product-title\">02-Lammskinn<\/div>\n\t\t\t\t<\/a>\n\t\t\t\t<div class=\"wc-block-grid__product-price price\"><span class=\"woocommerce-Price-amount amount\">1 800,00&nbsp;<span class=\"woocommerce-Price-currencySymbol\">&#107;&#114;<\/span><\/span><\/div>\n\t\t\t\t\n\t\t\t\t<div class=\"wp-block-button wc-block-grid__product-add-to-cart\"><a href=\"\/gotlandsskinn\/wp-json\/wp\/v2\/pages\/62?add-to-cart=379\" aria-label=\"L\u00e4gg till i varukorgen: \u201d02-Lammskinn\u201d\" data-quantity=\"1\" data-product_id=\"379\" data-product_sku=\"02\" data-price=\"1800\" rel=\"nofollow\" class=\"wp-block-button__link  add_to_cart_button ajax_add_to_cart\">L\u00e4gg till i varukorg<\/a><\/div>\n\t\t\t<\/li><li class=\"wc-block-grid__product\">\n\t\t\t\t<a href=\"https:\/\/humlekarrsgard.se\/gotlandsskinn\/produkt\/03-lammskinn\/\" class=\"wc-block-grid__product-link\">\n\t\t\t\t\t\n\t\t\t\t\t<div class=\"wc-block-grid__product-image\"><img loading=\"lazy\" decoding=\"async\" width=\"324\" height=\"432\" src=\"https:\/\/humlekarrsgard.se\/gotlandsskinn\/wp-content\/uploads\/2025\/12\/slut_lager-324x432.jpg\" class=\"attachment-woocommerce_thumbnail size-woocommerce_thumbnail\" alt=\"03-Lammskinn\" srcset=\"https:\/\/humlekarrsgard.se\/gotlandsskinn\/wp-content\/uploads\/2025\/12\/slut_lager-324x432.jpg 324w, https:\/\/humlekarrsgard.se\/gotlandsskinn\/wp-content\/uploads\/2025\/12\/slut_lager-225x300.jpg 225w, https:\/\/humlekarrsgard.se\/gotlandsskinn\/wp-content\/uploads\/2025\/12\/slut_lager.jpg 384w\" sizes=\"auto, (max-width: 324px) 100vw, 324px\" \/><\/div>\n\t\t\t\t\t<div class=\"wc-block-grid__product-title\">03-Lammskinn<\/div>\n\t\t\t\t<\/a>\n\t\t\t\t<div class=\"wc-block-grid__product-price price\"><span class=\"woocommerce-Price-amount amount\">1 800,00&nbsp;<span class=\"woocommerce-Price-currencySymbol\">&#107;&#114;<\/span><\/span><\/div>\n\t\t\t\t\n\t\t\t\t<div class=\"wp-block-button wc-block-grid__product-add-to-cart\"><a href=\"https:\/\/humlekarrsgard.se\/gotlandsskinn\/produkt\/03-lammskinn\/\" aria-label=\"L\u00e4s mer om \u201d03-Lammskinn\u201d\" data-quantity=\"1\" data-product_id=\"377\" data-product_sku=\"03\" data-price=\"1800\" rel=\"nofollow\" class=\"wp-block-button__link  add_to_cart_button\">Sluts\u00e5ld<\/a><\/div>\n\t\t\t<\/li><li class=\"wc-block-grid__product\">\n\t\t\t\t<a href=\"https:\/\/humlekarrsgard.se\/gotlandsskinn\/produkt\/04-lammskinn\/\" class=\"wc-block-grid__product-link\">\n\t\t\t\t\t\n\t\t\t\t\t<div class=\"wc-block-grid__product-image\"><img loading=\"lazy\" decoding=\"async\" width=\"324\" height=\"432\" src=\"https:\/\/humlekarrsgard.se\/gotlandsskinn\/wp-content\/uploads\/2025\/12\/4-0-324x432.jpg\" class=\"attachment-woocommerce_thumbnail size-woocommerce_thumbnail\" alt=\"04-Lammskinn\" srcset=\"https:\/\/humlekarrsgard.se\/gotlandsskinn\/wp-content\/uploads\/2025\/12\/4-0-324x432.jpg 324w, https:\/\/humlekarrsgard.se\/gotlandsskinn\/wp-content\/uploads\/2025\/12\/4-0-225x300.jpg 225w, https:\/\/humlekarrsgard.se\/gotlandsskinn\/wp-content\/uploads\/2025\/12\/4-0-768x1024.jpg 768w, https:\/\/humlekarrsgard.se\/gotlandsskinn\/wp-content\/uploads\/2025\/12\/4-0-1152x1536.jpg 1152w, https:\/\/humlekarrsgard.se\/gotlandsskinn\/wp-content\/uploads\/2025\/12\/4-0-1536x2048.jpg 1536w, https:\/\/humlekarrsgard.se\/gotlandsskinn\/wp-content\/uploads\/2025\/12\/4-0-416x555.jpg 416w, https:\/\/humlekarrsgard.se\/gotlandsskinn\/wp-content\/uploads\/2025\/12\/4-0-scaled.jpg 1920w\" sizes=\"auto, (max-width: 324px) 100vw, 324px\" \/><\/div>\n\t\t\t\t\t<div class=\"wc-block-grid__product-title\">04-Lammskinn<\/div>\n\t\t\t\t<\/a>\n\t\t\t\t<div class=\"wc-block-grid__product-price price\"><span class=\"woocommerce-Price-amount amount\">1 400,00&nbsp;<span class=\"woocommerce-Price-currencySymbol\">&#107;&#114;<\/span><\/span><\/div>\n\t\t\t\t\n\t\t\t\t<div class=\"wp-block-button wc-block-grid__product-add-to-cart\"><a href=\"\/gotlandsskinn\/wp-json\/wp\/v2\/pages\/62?add-to-cart=373\" aria-label=\"L\u00e4gg till i varukorgen: \u201d04-Lammskinn\u201d\" data-quantity=\"1\" data-product_id=\"373\" data-product_sku=\"04\" data-price=\"1400\" rel=\"nofollow\" class=\"wp-block-button__link  add_to_cart_button ajax_add_to_cart\">L\u00e4gg till i varukorg<\/a><\/div>\n\t\t\t<\/li><\/ul><\/div><\/div>\n<\/div>\n","protected":false},"excerpt":{"rendered":"","protected":false},"author":1,"featured_media":0,"parent":0,"menu_order":0,"comment_status":"closed","ping_status":"closed","template":"template-fullwidth.php","meta":{"footnotes":""},"class_list":["post-62","page","type-page","status-publish","hentry"],"_links":{"self":[{"href":"https:\/\/humlekarrsgard.se\/gotlandsskinn\/wp-json\/wp\/v2\/pages\/62","targetHints":{"allow":["GET"]}}],"collection":[{"href":"https:\/\/humlekarrsgard.se\/gotlandsskinn\/wp-json\/wp\/v2\/pages"}],"about":[{"href":"https:\/\/humlekarrsgard.se\/gotlandsskinn\/wp-json\/wp\/v2\/types\/page"}],"author":[{"embeddable":true,"href":"https:\/\/humlekarrsgard.se\/gotlandsskinn\/wp-json\/wp\/v2\/users\/1"}],"replies":[{"embeddable":true,"href":"https:\/\/humlekarrsgard.se\/gotlandsskinn\/wp-json\/wp\/v2\/comments?post=62"}],"version-history":[{"count":7,"href":"https:\/\/humlekarrsgard.se\/gotlandsskinn\/wp-json\/wp\/v2\/pages\/62\/revisions"}],"predecessor-version":[{"id":417,"href":"https:\/\/humlekarrsgard.se\/gotlandsskinn\/wp-json\/wp\/v2\/pages\/62\/revisions\/417"}],"wp:attachment":[{"href":"https:\/\/humlekarrsgard.se\/gotlandsskinn\/wp-json\/wp\/v2\/media?parent=62"}],"curies":[{"name":"wp","href":"https:\/\/api.w.org\/{rel}","templated":true}]}}