{"id":242,"date":"2025-12-01T02:12:54","date_gmt":"2025-12-01T01:12:54","guid":{"rendered":"https:\/\/humlekarrsgard.se\/gotlandsskinn\/?page_id=242"},"modified":"2025-12-12T01:33:59","modified_gmt":"2025-12-12T00:33:59","slug":"villkor","status":"publish","type":"page","link":"https:\/\/humlekarrsgard.se\/gotlandsskinn\/villkor\/","title":{"rendered":"K\u00f6pvillkor"},"content":{"rendered":"<h3>\u00c5ngerr\u00e4tt och \u00f6ppet k\u00f6p<\/h3>\n<p>N\u00e4r du handlar hos oss g\u00e4ller \u00f6ppet k\u00f6p fr\u00e5n mottagandet av din vara enligt distans och hemf\u00f6rs\u00e4ljningslagen.<br \/>\nLagen s\u00e4ger att du har r\u00e4tt till 14 dagars \u00f6ppet k\u00f6p. Vi har 20 dagars \u00f6ppet k\u00f6p fr\u00e5n det du erh\u00e5ller varan eller att vi skickar varan till dig. Normalt tar det ca tre vardagar innan du har varan fr\u00e5n det att vi skickat den. F\u00f6r att \u00f6ppet k\u00f6p ska g\u00e4lla s\u00e5 m\u00e5ste produkten vara intakt. Det betyder att produkten ska vara i gott of\u00f6r\u00e4ndrat skick s\u00e5 att den bed\u00f6ms kunna s\u00e4ljas p\u00e5 nytt utan att visa tecken p\u00e5 att ha varit anv\u00e4nd. Produkter som har varit anv\u00e4nda \u00e5tertages inte. Om produkten skadas p.g.a. ovarsamhet t.e.x. att en hund har tuggat s\u00f6nder den eller kommer bort p\u00e5 grund av gl\u00f6mska f\u00f6rlorar du \u00e5ngerr\u00e4tten. \u00d6ppet k\u00f6p g\u00e4ller ej f\u00f6retag.<\/p>\n<p>F\u00f6r att effektivisera hanteringen samt undvika problem n\u00e4r du beg\u00e4r \u00e5ngerr\u00e4tt\/\u00f6ppet k\u00f6p, kontakta alltid oss innan retur.<br \/>\nVid retur med postf\u00f6rs\u00e4ndelse s\u00e5 skickar du med sp\u00e5rbarhet s\u00e5 hanteringen av f\u00f6rs\u00e4ndelsen kan f\u00f6ljas av b\u00e5de dig och oss. Returf\u00f6rs\u00e4ndelser till oss skickade mot postf\u00f6rskott anses inte vara ett nyttjande av \u00e5ngerr\u00e4tt, dessa h\u00e4mtas inte ut av oss.<\/p>\n<hr \/>\n<h3>\u00c5terbetalningsskyldighet<\/h3>\n<p>Vi ska, om du utnyttjat din \u00e5ngerr\u00e4tt, betala tillbaka vad du har betalat f\u00f6r varan snarast eller senast inom 30 dagar fr\u00e5n den dag d\u00e5 vi tog emot varan i retur. K\u00f6p gjorda via bank eller med kort \u00e5terbetalas ej i kontanter.  Vid retur med postf\u00f6rs\u00e4ndelse f\u00e5r du sj\u00e4lv betala returkostnaden n\u00e4r du s\u00e4nder tillbaka varan som du \u00e5ngrat. Om du k\u00f6pt med postf\u00f6rs\u00e4ndelse, betalar vi alltid returkostnaden f\u00f6r att s\u00e4nda tillbaka s\u00e5 kallade ers\u00e4ttningsvaror.<\/p>\n<hr \/>\n<h3>Priser<\/h3>\n<p>Alla produkters priser \u00e4r styckpriser inklusive moms.<\/p>\n<hr \/>\n<p><a id=\"avgifter\"><\/a> <\/p>\n<h3>Avgifter<\/h3>\n<p>Vid direktf\u00f6rs\u00e4ljning tillkommer inga avgifter. Du kan komma till oss och k\u00f6pa skinn. Du kan ocks\u00e5 v\u00e4lja att betala h\u00e4r i butiken och h\u00e4mta skinnet hos oss. Avgifter f\u00f6r att skicka paket ser du nedan.<br \/>\n<b>Sverige<\/b><br \/>\nDu betalar 125 kr i fraktkostnad f\u00f6r leverans till utl\u00e4mningsst\u00e4lle.<br \/>\n<b>EU-l\u00e4nder<\/b><br \/>\nF\u00f6r frakt till EU-land utanf\u00f6r Sverige betalar du en fraktkostnad p\u00e5 250 kr.<br \/>\n<b>L\u00e4nder utanf\u00f6r EU<\/b><br \/>\nVi s\u00e4ljer inte till l\u00e4nder utanf\u00f6r EU, t.e.x Norge.<\/p>\n<hr \/>\n<p><a name=\"swish\"><\/a><\/p>\n<h3>Betalning<\/h3>\n<p><b>Betalning via <a href=\"https:\/\/www.swish.nu\/privat#sa_fungerar_swish\" target=\"_blank\">Swish<\/a><\/b><br \/>\n<img loading=\"lazy\" decoding=\"async\" src=\"https:\/\/humlekarrsgard.se\/gotlandsskinn\/wp-content\/uploads\/2025\/12\/swish-logga.jpg\" alt=\"swish logga\" width=\"154\" height=\"51\"\/><br \/>\nBetala enkelt och snabbt med Swish via mobilen. N\u00e4r du v\u00e4ljer att betala med Swish \u00f6ppnar du din Swish-app och kontrollerar att de f\u00f6rifyllda uppgifterna \u00e4r korrekta. Du godk\u00e4nner k\u00f6pet med Mobilt BankID och f\u00e5r direkt en bekr\u00e4ftelse p\u00e5 betalningen.<br \/>\n<a name=\"trustly\"><\/a><br \/>\n<strong>Betalning via <a title=\"L\u00e4s mer om Trustly (\u00f6ppnas i nytt f\u00f6nster)\" href=\"https:\/\/www.trustly.com\/se\/personal\" target=\"_blank\" rel=\"noopener noreferrer\">Trustly<\/a><\/strong><br \/>\n<img loading=\"lazy\" decoding=\"async\" src=\"https:\/\/humlekarrsgard.se\/gotlandsskinn\/wp-content\/uploads\/2025\/12\/Trustly-logo-scaled-1.png\" alt=\"trustly logga\" width=\"154\" height=\"52\" \/><br \/>\nDu betalar direkt fr\u00e5n ditt bankkonto och anv\u00e4nder BankID f\u00f6r att logga i p\u00e5 banken som vanligt, tryggt och enkelt.<\/p>\n<hr \/>\n<h3>Betalningsbekr\u00e4ftelse<\/h3>\n<p>Vid k\u00f6p skickas en betalningsbekr\u00e4ftelse (kvitto) till dig i samband med leverans.<\/p>\n<hr \/>\n<h3>Transportskador<\/h3>\n<p>Det \u00e4r viktigt att du blir n\u00f6jd. H\u00f6r d\u00e4rf\u00f6r av dig om n\u00e5got blivit fel s\u00e5 det snabbt kan r\u00e4ttas till.<br \/>\nOm du m\u00e4rker att postf\u00f6rs\u00e4ndelsen fr\u00e5n oss \u00e4r transportskadad, ska du ocks\u00e5 anm\u00e4la det till transport\u00f6ren.<br \/>\nOm transport\u00f6ren inte \u00e5tager sig ansvaret meddelar du oss. Vi g\u00f6r v\u00e5rt absolut b\u00e4sta f\u00f6r att produkt och f\u00f6rs\u00e4ndelse \u00e4r felfri vid avl\u00e4mnande till transport\u00f6ren.<\/p>\n<hr \/>\n<h3>Integritetspolicy<\/h3>\n<p>N\u00e4r du l\u00e4gger din best\u00e4llning hos oss uppger du personuppgifter som namn, adress etc.<br \/>\nI samband med ditt k\u00f6p\/best\u00e4llning samtycker du till att vi lagrar och anv\u00e4nder dina uppgifter i v\u00e5r verksamhet f\u00f6r att fullf\u00f6lja k\u00f6pavtalet gentemot dig. Du har enligt EU:s dataskyddsf\u00f6rordning (GDPR) r\u00e4tt att f\u00e5 den information som vi har registrerat om dig. Om den \u00e4r felaktig, ofullst\u00e4ndig eller irrelevant kan du beg\u00e4ra att informationen ska r\u00e4ttas eller tas bort. Kontakta oss i s\u00e5 fall, se kontaktinformation l\u00e4ngst ned p\u00e5 sidan.<br \/> L\u00e4s v\u00e5r <a href=\"integritetspolicy\" target=\"_blank\">integritetspolicy<\/a>.<\/p>\n<hr \/>\n<h3>Outl\u00f6sta paket<\/h3>\n<p>Paket som inte l\u00f6sts ut g\u00e5r automatiskt tillbaka till oss. Vi f\u00f6rbeh\u00e5ller oss r\u00e4tten att debitera<br \/>\nreturfrakt 250 kr f\u00f6r varje outl\u00f6st f\u00f6rs\u00e4ndelse i expeditionsavgift.<\/p>\n<hr \/>\n<h3>Reservation<\/h3>\n<p>Humlek\u00e4rrs G\u00e5rd reserverar sig f\u00f6r momsjusteringar, felaktigheter i inneh\u00e5llet p\u00e5 sidan, sluts\u00e5lda varor samt tekniska fel.<\/p>\n<hr \/>\n","protected":false},"excerpt":{"rendered":"<p>\u00c5ngerr\u00e4tt och \u00f6ppet k\u00f6p N\u00e4r du handlar hos oss g\u00e4ller \u00f6ppet k\u00f6p fr\u00e5n mottagandet av din vara enligt distans och hemf\u00f6rs\u00e4ljningslagen. Lagen s\u00e4ger att du har r\u00e4tt till 14 dagars \u00f6ppet k\u00f6p. Vi har 20 dagars \u00f6ppet k\u00f6p fr\u00e5n det du erh\u00e5ller varan eller att vi skickar varan till dig. Normalt tar det ca tre [&hellip;]<\/p>\n","protected":false},"author":1,"featured_media":0,"parent":0,"menu_order":0,"comment_status":"closed","ping_status":"closed","template":"template-fullwidth.php","meta":{"footnotes":""},"class_list":["post-242","page","type-page","status-publish","hentry"],"_links":{"self":[{"href":"https:\/\/humlekarrsgard.se\/gotlandsskinn\/wp-json\/wp\/v2\/pages\/242","targetHints":{"allow":["GET"]}}],"collection":[{"href":"https:\/\/humlekarrsgard.se\/gotlandsskinn\/wp-json\/wp\/v2\/pages"}],"about":[{"href":"https:\/\/humlekarrsgard.se\/gotlandsskinn\/wp-json\/wp\/v2\/types\/page"}],"author":[{"embeddable":true,"href":"https:\/\/humlekarrsgard.se\/gotlandsskinn\/wp-json\/wp\/v2\/users\/1"}],"replies":[{"embeddable":true,"href":"https:\/\/humlekarrsgard.se\/gotlandsskinn\/wp-json\/wp\/v2\/comments?post=242"}],"version-history":[{"count":13,"href":"https:\/\/humlekarrsgard.se\/gotlandsskinn\/wp-json\/wp\/v2\/pages\/242\/revisions"}],"predecessor-version":[{"id":426,"href":"https:\/\/humlekarrsgard.se\/gotlandsskinn\/wp-json\/wp\/v2\/pages\/242\/revisions\/426"}],"wp:attachment":[{"href":"https:\/\/humlekarrsgard.se\/gotlandsskinn\/wp-json\/wp\/v2\/media?parent=242"}],"curies":[{"name":"wp","href":"https:\/\/api.w.org\/{rel}","templated":true}]}}